{"id":1289,"date":"2023-05-23T15:51:44","date_gmt":"2023-05-23T15:51:44","guid":{"rendered":"https:\/\/www.healthcues.com\/?page_id=1289"},"modified":"2025-09-06T17:58:45","modified_gmt":"2025-09-06T17:58:45","slug":"employer-programs","status":"publish","type":"page","link":"https:\/\/www.healthcues.com\/es\/employer-programs\/","title":{"rendered":"Programas para Empleadores"},"content":{"rendered":"<div data-elementor-type=\"wp-page\" data-elementor-id=\"1289\" class=\"elementor elementor-1289\" data-elementor-post-type=\"page\">\n\t\t\t\t<div class=\"elementor-element elementor-element-b7b86b3 e-flex e-con-boxed e-con e-parent\" data-id=\"b7b86b3\" data-element_type=\"container\" data-e-type=\"container\" data-settings=\"{&quot;background_background&quot;:&quot;classic&quot;}\">\n\t\t\t\t\t<div class=\"e-con-inner\">\n\t\t\t\t<div class=\"elementor-element elementor-element-8742b77 elementor-invisible elementor-widget elementor-widget-heading\" data-id=\"8742b77\" data-element_type=\"widget\" data-e-type=\"widget\" data-settings=\"{&quot;_animation&quot;:&quot;fadeInLeft&quot;}\" data-widget_type=\"heading.default\">\n\t\t\t\t<div class=\"elementor-widget-container\">\n\t\t\t\t\t<h1 class=\"elementor-heading-title elementor-size-default\">Programas para Empleadores<\/h1>\t\t\t\t<\/div>\n\t\t\t\t<\/div>\n\t\t\t\t\t<\/div>\n\t\t\t\t<\/div>\n\t\t<div class=\"elementor-element elementor-element-6143706 e-flex e-con-boxed e-con e-parent\" data-id=\"6143706\" data-element_type=\"container\" data-e-type=\"container\" data-settings=\"{&quot;animation&quot;:&quot;none&quot;}\">\n\t\t\t\t\t<div class=\"e-con-inner\">\n\t\t\t\t<div class=\"elementor-element elementor-element-bf9f57e elementor-widget__width-initial elementor-absolute elementor-hidden-tablet elementor-hidden-mobile elementor-widget elementor-widget-image\" data-id=\"bf9f57e\" data-element_type=\"widget\" data-e-type=\"widget\" data-settings=\"{&quot;_position&quot;:&quot;absolute&quot;}\" data-widget_type=\"image.default\">\n\t\t\t\t<div class=\"elementor-widget-container\">\n\t\t\t\t\t\t\t\t\t\t\t\t\t\t\t<img fetchpriority=\"high\" decoding=\"async\" width=\"507\" height=\"248\" src=\"https:\/\/www.healthcues.com\/wp-content\/uploads\/2023\/05\/bggraph.png\" class=\"attachment-full size-full wp-image-1203\" alt=\"\" srcset=\"https:\/\/www.healthcues.com\/wp-content\/uploads\/2023\/05\/bggraph.png 507w, https:\/\/www.healthcues.com\/wp-content\/uploads\/2023\/05\/bggraph-300x147.png 300w, https:\/\/www.healthcues.com\/wp-content\/uploads\/2023\/05\/bggraph-18x9.png 18w\" sizes=\"(max-width: 507px) 100vw, 507px\" \/>\t\t\t\t\t\t\t\t\t\t\t\t\t\t\t<\/div>\n\t\t\t\t<\/div>\n\t\t\t\t<div class=\"elementor-element elementor-element-9d453e8 elementor-invisible elementor-widget elementor-widget-heading\" data-id=\"9d453e8\" data-element_type=\"widget\" data-e-type=\"widget\" data-settings=\"{&quot;_animation&quot;:&quot;zoomIn&quot;,&quot;_animation_tablet&quot;:&quot;zoomIn&quot;}\" data-widget_type=\"heading.default\">\n\t\t\t\t<div class=\"elementor-widget-container\">\n\t\t\t\t\t<h2 class=\"elementor-heading-title elementor-size-default\">A trav\u00e9s de nuestros socios, HealthCues ofrece los siguientes programas opcionales a los clientes empleadores:<\/h2>\t\t\t\t<\/div>\n\t\t\t\t<\/div>\n\t\t\t\t<div class=\"elementor-element elementor-element-3c7b6c3 elementor-widget elementor-widget-image\" data-id=\"3c7b6c3\" data-element_type=\"widget\" data-e-type=\"widget\" data-widget_type=\"image.default\">\n\t\t\t\t<div class=\"elementor-widget-container\">\n\t\t\t\t\t\t\t\t\t\t\t\t\t\t\t<img decoding=\"async\" width=\"337\" height=\"4\" src=\"https:\/\/www.healthcues.com\/wp-content\/uploads\/2023\/05\/line.jpg\" class=\"attachment-large size-large wp-image-1159\" alt=\"\" srcset=\"https:\/\/www.healthcues.com\/wp-content\/uploads\/2023\/05\/line.jpg 337w, https:\/\/www.healthcues.com\/wp-content\/uploads\/2023\/05\/line-300x4.jpg 300w, https:\/\/www.healthcues.com\/wp-content\/uploads\/2023\/05\/line-18x1.jpg 18w\" sizes=\"(max-width: 337px) 100vw, 337px\" \/>\t\t\t\t\t\t\t\t\t\t\t\t\t\t\t<\/div>\n\t\t\t\t<\/div>\n\t\t\t\t\t<\/div>\n\t\t\t\t<\/div>\n\t\t<div class=\"elementor-element elementor-element-9904102 e-con-full e-flex e-con e-parent\" data-id=\"9904102\" data-element_type=\"container\" data-e-type=\"container\">\n\t\t<div class=\"elementor-element elementor-element-995d8ec e-con-full e-flex elementor-invisible e-con e-child\" data-id=\"995d8ec\" data-element_type=\"container\" data-e-type=\"container\" data-settings=\"{&quot;background_background&quot;:&quot;classic&quot;,&quot;animation&quot;:&quot;fadeInLeft&quot;}\">\n\t\t\t\t<div class=\"elementor-element elementor-element-7a36f6f elementor-widget elementor-widget-spacer\" data-id=\"7a36f6f\" data-element_type=\"widget\" data-e-type=\"widget\" data-widget_type=\"spacer.default\">\n\t\t\t\t<div class=\"elementor-widget-container\">\n\t\t\t\t\t\t\t<div class=\"elementor-spacer\">\n\t\t\t<div class=\"elementor-spacer-inner\"><\/div>\n\t\t<\/div>\n\t\t\t\t\t\t<\/div>\n\t\t\t\t<\/div>\n\t\t\t\t<\/div>\n\t\t<div class=\"elementor-element elementor-element-9e132cf e-con-full e-flex elementor-invisible e-con e-child\" data-id=\"9e132cf\" data-element_type=\"container\" data-e-type=\"container\" data-settings=\"{&quot;background_background&quot;:&quot;classic&quot;,&quot;animation&quot;:&quot;fadeInRight&quot;}\">\n\t\t<div class=\"elementor-element elementor-element-e6008e0 e-flex e-con-boxed e-con e-child\" data-id=\"e6008e0\" data-element_type=\"container\" data-e-type=\"container\">\n\t\t\t\t\t<div class=\"e-con-inner\">\n\t\t\t\t<div class=\"elementor-element elementor-element-89f7bfe elementor-invisible elementor-widget elementor-widget-heading\" data-id=\"89f7bfe\" data-element_type=\"widget\" data-e-type=\"widget\" data-settings=\"{&quot;_animation&quot;:&quot;fadeInLeft&quot;}\" data-widget_type=\"heading.default\">\n\t\t\t\t<div class=\"elementor-widget-container\">\n\t\t\t\t\t<h2 class=\"elementor-heading-title elementor-size-default\">Escudo de trabajo:<\/h2>\t\t\t\t<\/div>\n\t\t\t\t<\/div>\n\t\t\t\t<div class=\"elementor-element elementor-element-c86eb94 elementor-invisible elementor-widget elementor-widget-heading\" data-id=\"c86eb94\" data-element_type=\"widget\" data-e-type=\"widget\" data-settings=\"{&quot;_animation&quot;:&quot;zoomIn&quot;,&quot;_animation_tablet&quot;:&quot;zoomIn&quot;}\" data-widget_type=\"heading.default\">\n\t\t\t\t<div class=\"elementor-widget-container\">\n\t\t\t\t\t<h2 class=\"elementor-heading-title elementor-size-default\">Work Shield proporciona la \u00fanica soluci\u00f3n de servicio completo que se asocia con organizaciones para administrar de manera eficiente los informes, la investigaci\u00f3n y la resoluci\u00f3n de incidentes de acoso, discriminaci\u00f3n y mala conducta en el lugar de trabajo.<\/h2>\t\t\t\t<\/div>\n\t\t\t\t<\/div>\n\t\t\t\t<div class=\"elementor-element elementor-element-9c1dfbb elementor-invisible elementor-widget elementor-widget-heading\" data-id=\"9c1dfbb\" data-element_type=\"widget\" data-e-type=\"widget\" data-settings=\"{&quot;_animation&quot;:&quot;fadeInLeft&quot;}\" data-widget_type=\"heading.default\">\n\t\t\t\t<div class=\"elementor-widget-container\">\n\t\t\t\t\t<h2 class=\"elementor-heading-title elementor-size-default\">Minimal Essential Coverage<br>\nPrograms (MEC):<\/h2>\t\t\t\t<\/div>\n\t\t\t\t<\/div>\n\t\t\t\t<div class=\"elementor-element elementor-element-87a40fa elementor-invisible elementor-widget elementor-widget-heading\" data-id=\"87a40fa\" data-element_type=\"widget\" data-e-type=\"widget\" data-settings=\"{&quot;_animation&quot;:&quot;zoomIn&quot;,&quot;_animation_tablet&quot;:&quot;zoomIn&quot;}\" data-widget_type=\"heading.default\">\n\t\t\t\t<div class=\"elementor-widget-container\">\n\t\t\t\t\t<h2 class=\"elementor-heading-title elementor-size-default\">Seg\u00fan la Ley del Cuidado de Salud a Bajo Precio (ACA), la cobertura esencial m\u00ednima (MEC) es cualquier cobertura de seguro m\u00e9dico que cumpla con el requisito de responsabilidad compartida individual, tambi\u00e9n conocido como mandato individual.<\/h2>\t\t\t\t<\/div>\n\t\t\t\t<\/div>\n\t\t\t\t\t<\/div>\n\t\t\t\t<\/div>\n\t\t\t\t<\/div>\n\t\t\t\t<\/div>\n\t\t<div class=\"elementor-element elementor-element-d62c9a6 e-flex e-con-boxed e-con e-parent\" data-id=\"d62c9a6\" data-element_type=\"container\" data-e-type=\"container\">\n\t\t\t\t\t<div class=\"e-con-inner\">\n\t\t<div class=\"elementor-element elementor-element-9b80bce e-con-full e-flex elementor-invisible e-con e-child\" data-id=\"9b80bce\" data-element_type=\"container\" data-e-type=\"container\" data-settings=\"{&quot;animation&quot;:&quot;fadeInUp&quot;}\">\n\t\t\t\t<div class=\"elementor-element elementor-element-3f99abd elementor-widget elementor-widget-heading\" data-id=\"3f99abd\" data-element_type=\"widget\" data-e-type=\"widget\" data-widget_type=\"heading.default\">\n\t\t\t\t<div class=\"elementor-widget-container\">\n\t\t\t\t\t<h2 class=\"elementor-heading-title elementor-size-default\">Averig\u00fce si su empresa califica para los beneficios de salud preventiva <br>\n<span style=\"font-weight:300\"><em>sin costo de bolsillo.<\/em><\/span><\/h2>\t\t\t\t<\/div>\n\t\t\t\t<\/div>\n\t\t\t\t<div class=\"elementor-element elementor-element-2d631d9 elementor-align-left elementor-mobile-align-justify elementor-widget elementor-widget-button\" data-id=\"2d631d9\" data-element_type=\"widget\" data-e-type=\"widget\" data-widget_type=\"button.default\">\n\t\t\t\t<div class=\"elementor-widget-container\">\n\t\t\t\t\t\t\t\t\t<div class=\"elementor-button-wrapper\">\n\t\t\t\t\t<a class=\"elementor-button elementor-button-link elementor-size-sm elementor-animation-grow\" href=\"https:\/\/www.healthcues.com\/es\/contact-us\/\">\n\t\t\t\t\t\t<span class=\"elementor-button-content-wrapper\">\n\t\t\t\t\t\t\t\t\t<span class=\"elementor-button-text\">\u00a1Empezar!<\/span>\n\t\t\t\t\t<\/span>\n\t\t\t\t\t<\/a>\n\t\t\t\t<\/div>\n\t\t\t\t\t\t\t\t<\/div>\n\t\t\t\t<\/div>\n\t\t\t\t<\/div>\n\t\t\t\t<div class=\"elementor-element elementor-element-278c879 elementor-widget elementor-widget-image\" data-id=\"278c879\" data-element_type=\"widget\" data-e-type=\"widget\" data-widget_type=\"image.default\">\n\t\t\t\t<div class=\"elementor-widget-container\">\n\t\t\t\t\t\t\t\t\t\t\t\t\t\t\t<img decoding=\"async\" width=\"508\" height=\"639\" src=\"https:\/\/www.healthcues.com\/wp-content\/uploads\/2023\/05\/ab.png\" class=\"attachment-full size-full wp-image-1201\" alt=\"Healthcues\" srcset=\"https:\/\/www.healthcues.com\/wp-content\/uploads\/2023\/05\/ab.png 508w, https:\/\/www.healthcues.com\/wp-content\/uploads\/2023\/05\/ab-238x300.png 238w, https:\/\/www.healthcues.com\/wp-content\/uploads\/2023\/05\/ab-10x12.png 10w\" sizes=\"(max-width: 508px) 100vw, 508px\" \/>\t\t\t\t\t\t\t\t\t\t\t\t\t\t\t<\/div>\n\t\t\t\t<\/div>\n\t\t\t\t\t<\/div>\n\t\t\t\t<\/div>\n\t\t\t\t<\/div>","protected":false},"excerpt":{"rendered":"<p>Employer Programs Through our partners, HealthCues offers the following optional programs to employer customers: Workshield: Work Shield provides the only full-service solution that partners with organizations to efficiently manage reporting, investigation, and resolution of workplace harassment, discrimination, and misconduct incidents. Minimal Essential Coverage Programs (MEC): Under the Affordable Care Act (ACA), minimum essential coverage (MEC) [&hellip;]<\/p>\n","protected":false},"author":5,"featured_media":1291,"parent":0,"menu_order":0,"comment_status":"closed","ping_status":"closed","template":"elementor_header_footer","meta":{"inline_featured_image":false,"_uf_show_specific_survey":0,"_uf_disable_surveys":false,"footnotes":"","_links_to":"","_links_to_target":""},"class_list":["post-1289","page","type-page","status-publish","has-post-thumbnail","hentry"],"yoast_head":"<!-- This site is optimized with the Yoast SEO plugin v27.3 - https:\/\/yoast.com\/product\/yoast-seo-wordpress\/ -->\n<title>Employer Programs - HealthCues<\/title>\n<meta name=\"description\" content=\"Through our partners, HealthCues offers the following optional programs to employer customers: Workshield, Minimal Essential Coverage Programs (MEC)\" \/>\n<meta name=\"robots\" content=\"index, follow, max-snippet:-1, max-image-preview:large, max-video-preview:-1\" \/>\n<link rel=\"canonical\" href=\"https:\/\/www.healthcues.com\/es\/employer-programs\/\" \/>\n<meta property=\"og:locale\" content=\"es_ES\" \/>\n<meta property=\"og:type\" content=\"article\" \/>\n<meta property=\"og:title\" content=\"Employer Programs - HealthCues\" \/>\n<meta property=\"og:description\" content=\"Through our partners, HealthCues offers the following optional programs to employer customers: Workshield, Minimal Essential Coverage Programs (MEC)\" \/>\n<meta property=\"og:url\" content=\"https:\/\/www.healthcues.com\/es\/employer-programs\/\" \/>\n<meta property=\"og:site_name\" content=\"HealthCues\" \/>\n<meta property=\"article:modified_time\" content=\"2025-09-06T17:58:45+00:00\" \/>\n<meta property=\"og:image\" content=\"https:\/\/www.healthcues.com\/wp-content\/uploads\/2023\/05\/employer-programs.jpg\" \/>\n\t<meta property=\"og:image:width\" content=\"1920\" \/>\n\t<meta property=\"og:image:height\" content=\"734\" \/>\n\t<meta property=\"og:image:type\" content=\"image\/jpeg\" \/>\n<meta name=\"twitter:card\" content=\"summary_large_image\" \/>\n<meta name=\"twitter:label1\" content=\"Tiempo de lectura\" \/>\n\t<meta name=\"twitter:data1\" content=\"1 minuto\" \/>\n<script type=\"application\/ld+json\" class=\"yoast-schema-graph\">{\"@context\":\"https:\\\/\\\/schema.org\",\"@graph\":[{\"@type\":\"WebPage\",\"@id\":\"https:\\\/\\\/www.healthcues.com\\\/employer-programs\\\/\",\"url\":\"https:\\\/\\\/www.healthcues.com\\\/employer-programs\\\/\",\"name\":\"Employer Programs - HealthCues\",\"isPartOf\":{\"@id\":\"https:\\\/\\\/www.healthcues.com\\\/#website\"},\"primaryImageOfPage\":{\"@id\":\"https:\\\/\\\/www.healthcues.com\\\/employer-programs\\\/#primaryimage\"},\"image\":{\"@id\":\"https:\\\/\\\/www.healthcues.com\\\/employer-programs\\\/#primaryimage\"},\"thumbnailUrl\":\"https:\\\/\\\/www.healthcues.com\\\/wp-content\\\/uploads\\\/2023\\\/05\\\/employer-programs.jpg\",\"datePublished\":\"2023-05-23T15:51:44+00:00\",\"dateModified\":\"2025-09-06T17:58:45+00:00\",\"description\":\"Through our partners, HealthCues offers the following optional programs to employer customers: Workshield, Minimal Essential Coverage Programs (MEC)\",\"inLanguage\":\"es\",\"potentialAction\":[{\"@type\":\"ReadAction\",\"target\":[\"https:\\\/\\\/www.healthcues.com\\\/employer-programs\\\/\"]}]},{\"@type\":\"ImageObject\",\"inLanguage\":\"es\",\"@id\":\"https:\\\/\\\/www.healthcues.com\\\/employer-programs\\\/#primaryimage\",\"url\":\"https:\\\/\\\/www.healthcues.com\\\/wp-content\\\/uploads\\\/2023\\\/05\\\/employer-programs.jpg\",\"contentUrl\":\"https:\\\/\\\/www.healthcues.com\\\/wp-content\\\/uploads\\\/2023\\\/05\\\/employer-programs.jpg\",\"width\":1920,\"height\":734,\"caption\":\"employer programs\"},{\"@type\":\"WebSite\",\"@id\":\"https:\\\/\\\/www.healthcues.com\\\/#website\",\"url\":\"https:\\\/\\\/www.healthcues.com\\\/\",\"name\":\"HealthCues\",\"description\":\"Workplace Health Solutions\",\"publisher\":{\"@id\":\"https:\\\/\\\/www.healthcues.com\\\/#organization\"},\"potentialAction\":[{\"@type\":\"SearchAction\",\"target\":{\"@type\":\"EntryPoint\",\"urlTemplate\":\"https:\\\/\\\/www.healthcues.com\\\/?s={search_term_string}\"},\"query-input\":{\"@type\":\"PropertyValueSpecification\",\"valueRequired\":true,\"valueName\":\"search_term_string\"}}],\"inLanguage\":\"es\"},{\"@type\":\"Organization\",\"@id\":\"https:\\\/\\\/www.healthcues.com\\\/#organization\",\"name\":\"HealthCues\",\"url\":\"https:\\\/\\\/www.healthcues.com\\\/\",\"logo\":{\"@type\":\"ImageObject\",\"inLanguage\":\"es\",\"@id\":\"https:\\\/\\\/www.healthcues.com\\\/#\\\/schema\\\/logo\\\/image\\\/\",\"url\":\"https:\\\/\\\/www.healthcues.com\\\/wp-content\\\/uploads\\\/2022\\\/03\\\/HealthCues_Workplace_Health_Solutions_Logo_simple.svg\",\"contentUrl\":\"https:\\\/\\\/www.healthcues.com\\\/wp-content\\\/uploads\\\/2022\\\/03\\\/HealthCues_Workplace_Health_Solutions_Logo_simple.svg\",\"width\":157,\"height\":42,\"caption\":\"HealthCues\"},\"image\":{\"@id\":\"https:\\\/\\\/www.healthcues.com\\\/#\\\/schema\\\/logo\\\/image\\\/\"}}]}<\/script>\n<!-- \/ Yoast SEO plugin. -->","yoast_head_json":{"title":"Employer Programs - HealthCues","description":"Through our partners, HealthCues offers the following optional programs to employer customers: Workshield, Minimal Essential Coverage Programs (MEC)","robots":{"index":"index","follow":"follow","max-snippet":"max-snippet:-1","max-image-preview":"max-image-preview:large","max-video-preview":"max-video-preview:-1"},"canonical":"https:\/\/www.healthcues.com\/es\/employer-programs\/","og_locale":"es_ES","og_type":"article","og_title":"Employer Programs - HealthCues","og_description":"Through our partners, HealthCues offers the following optional programs to employer customers: Workshield, Minimal Essential Coverage Programs (MEC)","og_url":"https:\/\/www.healthcues.com\/es\/employer-programs\/","og_site_name":"HealthCues","article_modified_time":"2025-09-06T17:58:45+00:00","og_image":[{"width":1920,"height":734,"url":"https:\/\/www.healthcues.com\/wp-content\/uploads\/2023\/05\/employer-programs.jpg","type":"image\/jpeg"}],"twitter_card":"summary_large_image","twitter_misc":{"Tiempo de lectura":"1 minuto"},"schema":{"@context":"https:\/\/schema.org","@graph":[{"@type":"WebPage","@id":"https:\/\/www.healthcues.com\/employer-programs\/","url":"https:\/\/www.healthcues.com\/employer-programs\/","name":"Employer Programs - HealthCues","isPartOf":{"@id":"https:\/\/www.healthcues.com\/#website"},"primaryImageOfPage":{"@id":"https:\/\/www.healthcues.com\/employer-programs\/#primaryimage"},"image":{"@id":"https:\/\/www.healthcues.com\/employer-programs\/#primaryimage"},"thumbnailUrl":"https:\/\/www.healthcues.com\/wp-content\/uploads\/2023\/05\/employer-programs.jpg","datePublished":"2023-05-23T15:51:44+00:00","dateModified":"2025-09-06T17:58:45+00:00","description":"Through our partners, HealthCues offers the following optional programs to employer customers: Workshield, Minimal Essential Coverage Programs (MEC)","inLanguage":"es","potentialAction":[{"@type":"ReadAction","target":["https:\/\/www.healthcues.com\/employer-programs\/"]}]},{"@type":"ImageObject","inLanguage":"es","@id":"https:\/\/www.healthcues.com\/employer-programs\/#primaryimage","url":"https:\/\/www.healthcues.com\/wp-content\/uploads\/2023\/05\/employer-programs.jpg","contentUrl":"https:\/\/www.healthcues.com\/wp-content\/uploads\/2023\/05\/employer-programs.jpg","width":1920,"height":734,"caption":"employer programs"},{"@type":"WebSite","@id":"https:\/\/www.healthcues.com\/#website","url":"https:\/\/www.healthcues.com\/","name":"HealthCues","description":"Workplace Health Solutions","publisher":{"@id":"https:\/\/www.healthcues.com\/#organization"},"potentialAction":[{"@type":"SearchAction","target":{"@type":"EntryPoint","urlTemplate":"https:\/\/www.healthcues.com\/?s={search_term_string}"},"query-input":{"@type":"PropertyValueSpecification","valueRequired":true,"valueName":"search_term_string"}}],"inLanguage":"es"},{"@type":"Organization","@id":"https:\/\/www.healthcues.com\/#organization","name":"HealthCues","url":"https:\/\/www.healthcues.com\/","logo":{"@type":"ImageObject","inLanguage":"es","@id":"https:\/\/www.healthcues.com\/#\/schema\/logo\/image\/","url":"https:\/\/www.healthcues.com\/wp-content\/uploads\/2022\/03\/HealthCues_Workplace_Health_Solutions_Logo_simple.svg","contentUrl":"https:\/\/www.healthcues.com\/wp-content\/uploads\/2022\/03\/HealthCues_Workplace_Health_Solutions_Logo_simple.svg","width":157,"height":42,"caption":"HealthCues"},"image":{"@id":"https:\/\/www.healthcues.com\/#\/schema\/logo\/image\/"}}]}},"_links":{"self":[{"href":"https:\/\/www.healthcues.com\/es\/wp-json\/wp\/v2\/pages\/1289","targetHints":{"allow":["GET"]}}],"collection":[{"href":"https:\/\/www.healthcues.com\/es\/wp-json\/wp\/v2\/pages"}],"about":[{"href":"https:\/\/www.healthcues.com\/es\/wp-json\/wp\/v2\/types\/page"}],"author":[{"embeddable":true,"href":"https:\/\/www.healthcues.com\/es\/wp-json\/wp\/v2\/users\/5"}],"replies":[{"embeddable":true,"href":"https:\/\/www.healthcues.com\/es\/wp-json\/wp\/v2\/comments?post=1289"}],"version-history":[{"count":8,"href":"https:\/\/www.healthcues.com\/es\/wp-json\/wp\/v2\/pages\/1289\/revisions"}],"predecessor-version":[{"id":3081,"href":"https:\/\/www.healthcues.com\/es\/wp-json\/wp\/v2\/pages\/1289\/revisions\/3081"}],"wp:featuredmedia":[{"embeddable":true,"href":"https:\/\/www.healthcues.com\/es\/wp-json\/wp\/v2\/media\/1291"}],"wp:attachment":[{"href":"https:\/\/www.healthcues.com\/es\/wp-json\/wp\/v2\/media?parent=1289"}],"curies":[{"name":"wp","href":"https:\/\/api.w.org\/{rel}","templated":true}]}}