{"id":1253,"date":"2023-05-23T14:47:53","date_gmt":"2023-05-23T14:47:53","guid":{"rendered":"https:\/\/www.healthcues.com\/?page_id=1253"},"modified":"2026-02-01T01:36:56","modified_gmt":"2026-02-01T01:36:56","slug":"employer-benefits","status":"publish","type":"page","link":"https:\/\/www.healthcues.com\/es\/employer-benefits\/","title":{"rendered":"Beneficios del empleador"},"content":{"rendered":"<div data-elementor-type=\"wp-page\" data-elementor-id=\"1253\" class=\"elementor elementor-1253\" data-elementor-post-type=\"page\">\n\t\t\t\t<div class=\"elementor-element elementor-element-5619909 e-flex e-con-boxed e-con e-parent\" data-id=\"5619909\" data-element_type=\"container\" data-e-type=\"container\" data-settings=\"{&quot;background_background&quot;:&quot;classic&quot;}\">\n\t\t\t\t\t<div class=\"e-con-inner\">\n\t\t\t\t<div class=\"elementor-element elementor-element-fe6b8ee elementor-invisible elementor-widget elementor-widget-heading\" data-id=\"fe6b8ee\" data-element_type=\"widget\" data-e-type=\"widget\" data-settings=\"{&quot;_animation&quot;:&quot;fadeInLeft&quot;}\" data-widget_type=\"heading.default\">\n\t\t\t\t<div class=\"elementor-widget-container\">\n\t\t\t\t\t<h1 class=\"elementor-heading-title elementor-size-default\">Beneficios del Empleador.<\/h1>\t\t\t\t<\/div>\n\t\t\t\t<\/div>\n\t\t\t\t<div class=\"elementor-element elementor-element-b0a3a83 elementor-invisible elementor-widget elementor-widget-text-editor\" data-id=\"b0a3a83\" data-element_type=\"widget\" data-e-type=\"widget\" data-settings=\"{&quot;_animation&quot;:&quot;fadeInRight&quot;}\" data-widget_type=\"text-editor.default\">\n\t\t\t\t<div class=\"elementor-widget-container\">\n\t\t\t\t\t\t\t\t\t<p>Mejore la salud de los empleados<br \/>y su resultado final<\/p>\t\t\t\t\t\t\t\t<\/div>\n\t\t\t\t<\/div>\n\t\t\t\t\t<\/div>\n\t\t\t\t<\/div>\n\t\t<div class=\"elementor-element elementor-element-83f0542 e-flex e-con-boxed e-con e-parent\" data-id=\"83f0542\" data-element_type=\"container\" data-e-type=\"container\" data-settings=\"{&quot;animation&quot;:&quot;none&quot;}\">\n\t\t\t\t\t<div class=\"e-con-inner\">\n\t\t\t\t<div class=\"elementor-element elementor-element-3b6d035 elementor-widget__width-initial elementor-absolute elementor-hidden-tablet elementor-hidden-mobile elementor-widget elementor-widget-image\" data-id=\"3b6d035\" data-element_type=\"widget\" data-e-type=\"widget\" data-settings=\"{&quot;_position&quot;:&quot;absolute&quot;}\" data-widget_type=\"image.default\">\n\t\t\t\t<div class=\"elementor-widget-container\">\n\t\t\t\t\t\t\t\t\t\t\t\t\t\t\t<img fetchpriority=\"high\" decoding=\"async\" width=\"507\" height=\"248\" src=\"https:\/\/www.healthcues.com\/wp-content\/uploads\/2023\/05\/bggraph.png\" class=\"attachment-full size-full wp-image-1203\" alt=\"\" srcset=\"https:\/\/www.healthcues.com\/wp-content\/uploads\/2023\/05\/bggraph.png 507w, https:\/\/www.healthcues.com\/wp-content\/uploads\/2023\/05\/bggraph-300x147.png 300w, https:\/\/www.healthcues.com\/wp-content\/uploads\/2023\/05\/bggraph-18x9.png 18w\" sizes=\"(max-width: 507px) 100vw, 507px\" \/>\t\t\t\t\t\t\t\t\t\t\t\t\t\t\t<\/div>\n\t\t\t\t<\/div>\n\t\t\t\t<div class=\"elementor-element elementor-element-50b3a9d elementor-invisible elementor-widget elementor-widget-heading\" data-id=\"50b3a9d\" data-element_type=\"widget\" data-e-type=\"widget\" data-settings=\"{&quot;_animation&quot;:&quot;zoomIn&quot;,&quot;_animation_tablet&quot;:&quot;zoomIn&quot;}\" data-widget_type=\"heading.default\">\n\t\t\t\t<div class=\"elementor-widget-container\">\n\t\t\t\t\t<h2 class=\"elementor-heading-title elementor-size-default\">HealthCues se dise\u00f1\u00f3 con la intenci\u00f3n de brindar a las empresas de todos los tama\u00f1os los mejores y m\u00e1s asequibles servicios de salud en el lugar de trabajo. Nuestro programa ofrece un Plan de Seguro de Indemnizaci\u00f3n de Beneficio Limitado con un Programa de Atenci\u00f3n M\u00e9dica Preventiva avanzada. Brindamos a los empleados soluciones de atenci\u00f3n m\u00e9dica preventiva que incluyen telemedicina, capacitaci\u00f3n en salud, cesaci\u00f3n del tabaquismo y defensa de la atenci\u00f3n m\u00e9dica.<\/h2>\t\t\t\t<\/div>\n\t\t\t\t<\/div>\n\t\t\t\t<div class=\"elementor-element elementor-element-28b3be8 elementor-widget elementor-widget-image\" data-id=\"28b3be8\" data-element_type=\"widget\" data-e-type=\"widget\" data-widget_type=\"image.default\">\n\t\t\t\t<div class=\"elementor-widget-container\">\n\t\t\t\t\t\t\t\t\t\t\t\t\t\t\t<img decoding=\"async\" width=\"337\" height=\"4\" src=\"https:\/\/www.healthcues.com\/wp-content\/uploads\/2023\/05\/line.jpg\" class=\"attachment-large size-large wp-image-1159\" alt=\"\" srcset=\"https:\/\/www.healthcues.com\/wp-content\/uploads\/2023\/05\/line.jpg 337w, https:\/\/www.healthcues.com\/wp-content\/uploads\/2023\/05\/line-300x4.jpg 300w, https:\/\/www.healthcues.com\/wp-content\/uploads\/2023\/05\/line-18x1.jpg 18w\" sizes=\"(max-width: 337px) 100vw, 337px\" \/>\t\t\t\t\t\t\t\t\t\t\t\t\t\t\t<\/div>\n\t\t\t\t<\/div>\n\t\t\t\t\t<\/div>\n\t\t\t\t<\/div>\n\t\t<div class=\"elementor-element elementor-element-8ee2c02 e-flex e-con-boxed e-con e-parent\" data-id=\"8ee2c02\" data-element_type=\"container\" data-e-type=\"container\" data-settings=\"{&quot;background_background&quot;:&quot;classic&quot;,&quot;shape_divider_bottom&quot;:&quot;waves&quot;}\">\n\t\t\t\t\t<div class=\"e-con-inner\">\n\t\t\t\t<div class=\"elementor-shape elementor-shape-bottom\" aria-hidden=\"true\" data-negative=\"false\">\n\t\t\t<svg xmlns=\"http:\/\/www.w3.org\/2000\/svg\" viewbox=\"0 0 1000 100\" preserveaspectratio=\"none\">\n\t<path class=\"elementor-shape-fill\" d=\"M421.9,6.5c22.6-2.5,51.5,0.4,75.5,5.3c23.6,4.9,70.9,23.5,100.5,35.7c75.8,32.2,133.7,44.5,192.6,49.7\tc23.6,2.1,48.7,3.5,103.4-2.5c54.7-6,106.2-25.6,106.2-25.6V0H0v30.3c0,0,72,32.6,158.4,30.5c39.2-0.7,92.8-6.7,134-22.4\tc21.2-8.1,52.2-18.2,79.7-24.2C399.3,7.9,411.6,7.5,421.9,6.5z\"\/>\n<\/svg>\t\t<\/div>\n\t\t\t\t<div class=\"elementor-element elementor-element-bab3559 elementor-invisible elementor-widget elementor-widget-heading\" data-id=\"bab3559\" data-element_type=\"widget\" data-e-type=\"widget\" data-settings=\"{&quot;_animation&quot;:&quot;fadeInLeft&quot;}\" data-widget_type=\"heading.default\">\n\t\t\t\t<div class=\"elementor-widget-container\">\n\t\t\t\t\t<h2 class=\"elementor-heading-title elementor-size-default\">La plataforma HealthCues...<\/h2>\t\t\t\t<\/div>\n\t\t\t\t<\/div>\n\t\t\t\t<div class=\"elementor-element elementor-element-a339592 elementor-invisible elementor-widget elementor-widget-heading\" data-id=\"a339592\" data-element_type=\"widget\" data-e-type=\"widget\" data-settings=\"{&quot;_animation&quot;:&quot;zoomIn&quot;,&quot;_animation_tablet&quot;:&quot;zoomIn&quot;}\" data-widget_type=\"heading.default\">\n\t\t\t\t<div class=\"elementor-widget-container\">\n\t\t\t\t\t<h2 class=\"elementor-heading-title elementor-size-default\">reduce los costos de atenci\u00f3n m\u00e9dica e implementa de manera \u00fanica un plan de la Secci\u00f3n 125 (Plan Cafeter\u00eda), que a menudo puede reducir los ingresos imponibles para los empleados y genera ahorros en los impuestos sobre la n\u00f3mina para los empleadores.<\/h2>\t\t\t\t<\/div>\n\t\t\t\t<\/div>\n\t\t<div class=\"elementor-element elementor-element-85bc273 e-flex e-con-boxed e-con e-child\" data-id=\"85bc273\" data-element_type=\"container\" data-e-type=\"container\">\n\t\t\t\t\t<div class=\"e-con-inner\">\n\t\t<div class=\"elementor-element elementor-element-b80ac53 e-con-full e-flex elementor-invisible e-con e-child\" data-id=\"b80ac53\" data-element_type=\"container\" data-e-type=\"container\" data-settings=\"{&quot;background_background&quot;:&quot;gradient&quot;,&quot;animation&quot;:&quot;fadeInUp&quot;}\">\n\t\t\t\t<div class=\"elementor-element elementor-element-d0f3a00 elementor-widget elementor-widget-image\" data-id=\"d0f3a00\" data-element_type=\"widget\" data-e-type=\"widget\" data-widget_type=\"image.default\">\n\t\t\t\t<div class=\"elementor-widget-container\">\n\t\t\t\t\t\t\t\t\t\t\t\t\t\t\t<img decoding=\"async\" width=\"130\" height=\"130\" src=\"https:\/\/www.healthcues.com\/wp-content\/uploads\/2023\/05\/ic4.png\" class=\"attachment-large size-large wp-image-1258\" alt=\"\" srcset=\"https:\/\/www.healthcues.com\/wp-content\/uploads\/2023\/05\/ic4.png 130w, https:\/\/www.healthcues.com\/wp-content\/uploads\/2023\/05\/ic4-12x12.png 12w\" sizes=\"(max-width: 130px) 100vw, 130px\" \/>\t\t\t\t\t\t\t\t\t\t\t\t\t\t\t<\/div>\n\t\t\t\t<\/div>\n\t\t\t\t<div class=\"elementor-element elementor-element-d6e22fd elementor-widget elementor-widget-heading\" data-id=\"d6e22fd\" data-element_type=\"widget\" data-e-type=\"widget\" data-widget_type=\"heading.default\">\n\t\t\t\t<div class=\"elementor-widget-container\">\n\t\t\t\t\t<h3 class=\"elementor-heading-title elementor-size-default\">Reducir<br>\nN\u00f3mina FICA<\/h3>\t\t\t\t<\/div>\n\t\t\t\t<\/div>\n\t\t\t\t<\/div>\n\t\t<div class=\"elementor-element elementor-element-0169dca e-con-full e-flex elementor-invisible e-con e-child\" data-id=\"0169dca\" data-element_type=\"container\" data-e-type=\"container\" data-settings=\"{&quot;background_background&quot;:&quot;gradient&quot;,&quot;animation&quot;:&quot;fadeInUp&quot;,&quot;animation_delay&quot;:250}\">\n\t\t\t\t<div class=\"elementor-element elementor-element-85c0177 elementor-widget elementor-widget-image\" data-id=\"85c0177\" data-element_type=\"widget\" data-e-type=\"widget\" data-widget_type=\"image.default\">\n\t\t\t\t<div class=\"elementor-widget-container\">\n\t\t\t\t\t\t\t\t\t\t\t\t\t\t\t<img loading=\"lazy\" decoding=\"async\" width=\"130\" height=\"130\" src=\"https:\/\/www.healthcues.com\/wp-content\/uploads\/2023\/05\/ic1.png\" class=\"attachment-large size-large wp-image-1244\" alt=\"Improve the Health of Your Employees\" srcset=\"https:\/\/www.healthcues.com\/wp-content\/uploads\/2023\/05\/ic1.png 130w, https:\/\/www.healthcues.com\/wp-content\/uploads\/2023\/05\/ic1-12x12.png 12w\" sizes=\"(max-width: 130px) 100vw, 130px\" \/>\t\t\t\t\t\t\t\t\t\t\t\t\t\t\t<\/div>\n\t\t\t\t<\/div>\n\t\t\t\t<div class=\"elementor-element elementor-element-1d65019 elementor-widget elementor-widget-heading\" data-id=\"1d65019\" data-element_type=\"widget\" data-e-type=\"widget\" data-widget_type=\"heading.default\">\n\t\t\t\t<div class=\"elementor-widget-container\">\n\t\t\t\t\t<h3 class=\"elementor-heading-title elementor-size-default\">Reducir Costos de Atenci\u00f3n en Salud<\/h3>\t\t\t\t<\/div>\n\t\t\t\t<\/div>\n\t\t\t\t<\/div>\n\t\t<div class=\"elementor-element elementor-element-a6821cd e-con-full e-flex elementor-invisible e-con e-child\" data-id=\"a6821cd\" data-element_type=\"container\" data-e-type=\"container\" data-settings=\"{&quot;background_background&quot;:&quot;gradient&quot;,&quot;animation&quot;:&quot;fadeInUp&quot;,&quot;animation_delay&quot;:500}\">\n\t\t\t\t<div class=\"elementor-element elementor-element-a55d683 elementor-widget elementor-widget-image\" data-id=\"a55d683\" data-element_type=\"widget\" data-e-type=\"widget\" data-widget_type=\"image.default\">\n\t\t\t\t<div class=\"elementor-widget-container\">\n\t\t\t\t\t\t\t\t\t\t\t\t\t\t\t<img loading=\"lazy\" decoding=\"async\" width=\"130\" height=\"130\" src=\"https:\/\/www.healthcues.com\/wp-content\/uploads\/2023\/05\/ic5.png\" class=\"attachment-large size-large wp-image-1257\" alt=\"Improve Employee Recruitment and Retention\" srcset=\"https:\/\/www.healthcues.com\/wp-content\/uploads\/2023\/05\/ic5.png 130w, https:\/\/www.healthcues.com\/wp-content\/uploads\/2023\/05\/ic5-12x12.png 12w\" sizes=\"(max-width: 130px) 100vw, 130px\" \/>\t\t\t\t\t\t\t\t\t\t\t\t\t\t\t<\/div>\n\t\t\t\t<\/div>\n\t\t\t\t<div class=\"elementor-element elementor-element-320a606 elementor-widget elementor-widget-heading\" data-id=\"320a606\" data-element_type=\"widget\" data-e-type=\"widget\" data-widget_type=\"heading.default\">\n\t\t\t\t<div class=\"elementor-widget-container\">\n\t\t\t\t\t<h3 class=\"elementor-heading-title elementor-size-default\">Mejorar \nReclutamiento\ny Retenci\u00f3n de Empleados<\/h3>\t\t\t\t<\/div>\n\t\t\t\t<\/div>\n\t\t\t\t<\/div>\n\t\t\t\t\t<\/div>\n\t\t\t\t<\/div>\n\t\t\t\t\t<\/div>\n\t\t\t\t<\/div>\n\t\t<div class=\"elementor-element elementor-element-e6f5bfa e-flex e-con-boxed e-con e-parent\" data-id=\"e6f5bfa\" data-element_type=\"container\" data-e-type=\"container\">\n\t\t\t\t\t<div class=\"e-con-inner\">\n\t\t\t\t<div class=\"elementor-element elementor-element-5ed10bb elementor-widget elementor-widget-spacer\" data-id=\"5ed10bb\" data-element_type=\"widget\" data-e-type=\"widget\" data-widget_type=\"spacer.default\">\n\t\t\t\t<div class=\"elementor-widget-container\">\n\t\t\t\t\t\t\t<div class=\"elementor-spacer\">\n\t\t\t<div class=\"elementor-spacer-inner\"><\/div>\n\t\t<\/div>\n\t\t\t\t\t\t<\/div>\n\t\t\t\t<\/div>\n\t\t\t\t\t<\/div>\n\t\t\t\t<\/div>\n\t\t<div class=\"elementor-element elementor-element-8f9cd6b e-flex e-con-boxed e-con e-parent\" data-id=\"8f9cd6b\" data-element_type=\"container\" data-e-type=\"container\">\n\t\t\t\t\t<div class=\"e-con-inner\">\n\t\t<div class=\"elementor-element elementor-element-0a52119 e-con-full e-flex elementor-invisible e-con e-child\" data-id=\"0a52119\" data-element_type=\"container\" data-e-type=\"container\" data-settings=\"{&quot;animation&quot;:&quot;fadeInUp&quot;}\">\n\t\t\t\t<div class=\"elementor-element elementor-element-c70366c elementor-widget elementor-widget-heading\" data-id=\"c70366c\" data-element_type=\"widget\" data-e-type=\"widget\" data-widget_type=\"heading.default\">\n\t\t\t\t<div class=\"elementor-widget-container\">\n\t\t\t\t\t<h2 class=\"elementor-heading-title elementor-size-default\">Averig\u00fce si su empresa califica para los beneficios de salud preventiva <br>\n<span style=\"font-weight:300\"><em>sin costo de bolsillo.<\/em><\/span><\/h2>\t\t\t\t<\/div>\n\t\t\t\t<\/div>\n\t\t\t\t<div class=\"elementor-element elementor-element-7e0693e elementor-align-left elementor-mobile-align-justify elementor-widget elementor-widget-button\" data-id=\"7e0693e\" data-element_type=\"widget\" data-e-type=\"widget\" data-widget_type=\"button.default\">\n\t\t\t\t<div class=\"elementor-widget-container\">\n\t\t\t\t\t\t\t\t\t<div class=\"elementor-button-wrapper\">\n\t\t\t\t\t<a class=\"elementor-button elementor-button-link elementor-size-sm elementor-animation-grow\" href=\"https:\/\/www.healthcues.com\/es\/contact-us\/\">\n\t\t\t\t\t\t<span class=\"elementor-button-content-wrapper\">\n\t\t\t\t\t\t\t\t\t<span class=\"elementor-button-text\">\u00a1Empezar!<\/span>\n\t\t\t\t\t<\/span>\n\t\t\t\t\t<\/a>\n\t\t\t\t<\/div>\n\t\t\t\t\t\t\t\t<\/div>\n\t\t\t\t<\/div>\n\t\t\t\t<\/div>\n\t\t\t\t<div class=\"elementor-element elementor-element-1fd73c4 elementor-widget elementor-widget-image\" data-id=\"1fd73c4\" data-element_type=\"widget\" data-e-type=\"widget\" data-widget_type=\"image.default\">\n\t\t\t\t<div class=\"elementor-widget-container\">\n\t\t\t\t\t\t\t\t\t\t\t\t\t\t\t<img loading=\"lazy\" decoding=\"async\" width=\"768\" height=\"512\" src=\"https:\/\/www.healthcues.com\/wp-content\/uploads\/2022\/07\/pexels-andrea-piacquadio-3756679-scaled.jpg\" class=\"attachment-medium_large size-medium_large wp-image-633\" alt=\"\" \/>\t\t\t\t\t\t\t\t\t\t\t\t\t\t\t<\/div>\n\t\t\t\t<\/div>\n\t\t\t\t\t<\/div>\n\t\t\t\t<\/div>\n\t\t<div class=\"elementor-element elementor-element-7e32b4e e-flex e-con-boxed e-con e-parent\" data-id=\"7e32b4e\" data-element_type=\"container\" data-e-type=\"container\">\n\t\t\t\t\t<div class=\"e-con-inner\">\n\t\t\t\t<div class=\"elementor-element elementor-element-10031a2 elementor-widget elementor-widget-spacer\" data-id=\"10031a2\" data-element_type=\"widget\" data-e-type=\"widget\" data-widget_type=\"spacer.default\">\n\t\t\t\t<div class=\"elementor-widget-container\">\n\t\t\t\t\t\t\t<div class=\"elementor-spacer\">\n\t\t\t<div class=\"elementor-spacer-inner\"><\/div>\n\t\t<\/div>\n\t\t\t\t\t\t<\/div>\n\t\t\t\t<\/div>\n\t\t\t\t\t<\/div>\n\t\t\t\t<\/div>\n\t\t\t\t<\/div>","protected":false},"excerpt":{"rendered":"<p>Employer Benefits. Improve Employee Health and Your Bottom Line HealthCues was designed with the intention of providing companies of all sizes with the best, most affordable workplace health services. Our program offers a Limited Benefit Indemnity Insurance Plan with an advanced Preventative Health Care Program. We provide employees with preventative healthcare solutions that include Telemedicine, [&hellip;]<\/p>\n","protected":false},"author":5,"featured_media":1254,"parent":0,"menu_order":0,"comment_status":"closed","ping_status":"closed","template":"elementor_header_footer","meta":{"inline_featured_image":false,"_uf_show_specific_survey":0,"_uf_disable_surveys":false,"footnotes":"","_links_to":"","_links_to_target":""},"class_list":["post-1253","page","type-page","status-publish","has-post-thumbnail","hentry"],"yoast_head":"<!-- This site is optimized with the Yoast SEO plugin v27.6 - https:\/\/yoast.com\/product\/yoast-seo-wordpress\/ -->\n<title>Employer Benefits - HealthCues<\/title>\n<meta name=\"description\" content=\"HealthCues was designed with the intention of providing companies of all sizes with the best, most affordable workplace health services.\" \/>\n<meta name=\"robots\" content=\"index, follow, max-snippet:-1, max-image-preview:large, max-video-preview:-1\" \/>\n<link rel=\"canonical\" href=\"https:\/\/www.healthcues.com\/es\/employer-benefits\/\" \/>\n<meta property=\"og:locale\" content=\"es_ES\" \/>\n<meta property=\"og:type\" content=\"article\" \/>\n<meta property=\"og:title\" content=\"Employer Benefits - HealthCues\" \/>\n<meta property=\"og:description\" content=\"HealthCues was designed with the intention of providing companies of all sizes with the best, most affordable workplace health services.\" \/>\n<meta property=\"og:url\" content=\"https:\/\/www.healthcues.com\/es\/employer-benefits\/\" \/>\n<meta property=\"og:site_name\" content=\"HealthCues\" \/>\n<meta property=\"article:modified_time\" content=\"2026-02-01T01:36:56+00:00\" \/>\n<meta property=\"og:image\" content=\"https:\/\/www.healthcues.com\/wp-content\/uploads\/2023\/05\/employer-benefits.jpg\" \/>\n\t<meta property=\"og:image:width\" content=\"1920\" \/>\n\t<meta property=\"og:image:height\" content=\"734\" \/>\n\t<meta property=\"og:image:type\" content=\"image\/jpeg\" \/>\n<meta name=\"twitter:card\" content=\"summary_large_image\" \/>\n<meta name=\"twitter:label1\" content=\"Tiempo de lectura\" \/>\n\t<meta name=\"twitter:data1\" content=\"2 minutos\" \/>\n<script type=\"application\/ld+json\" class=\"yoast-schema-graph\">{\"@context\":\"https:\\\/\\\/schema.org\",\"@graph\":[{\"@type\":\"WebPage\",\"@id\":\"https:\\\/\\\/www.healthcues.com\\\/employer-benefits\\\/\",\"url\":\"https:\\\/\\\/www.healthcues.com\\\/employer-benefits\\\/\",\"name\":\"Employer Benefits - HealthCues\",\"isPartOf\":{\"@id\":\"https:\\\/\\\/www.healthcues.com\\\/#website\"},\"primaryImageOfPage\":{\"@id\":\"https:\\\/\\\/www.healthcues.com\\\/employer-benefits\\\/#primaryimage\"},\"image\":{\"@id\":\"https:\\\/\\\/www.healthcues.com\\\/employer-benefits\\\/#primaryimage\"},\"thumbnailUrl\":\"https:\\\/\\\/www.healthcues.com\\\/wp-content\\\/uploads\\\/2023\\\/05\\\/employer-benefits.jpg\",\"datePublished\":\"2023-05-23T14:47:53+00:00\",\"dateModified\":\"2026-02-01T01:36:56+00:00\",\"description\":\"HealthCues was designed with the intention of providing companies of all sizes with the best, most affordable workplace health services.\",\"inLanguage\":\"es\",\"potentialAction\":[{\"@type\":\"ReadAction\",\"target\":[\"https:\\\/\\\/www.healthcues.com\\\/employer-benefits\\\/\"]}]},{\"@type\":\"ImageObject\",\"inLanguage\":\"es\",\"@id\":\"https:\\\/\\\/www.healthcues.com\\\/employer-benefits\\\/#primaryimage\",\"url\":\"https:\\\/\\\/www.healthcues.com\\\/wp-content\\\/uploads\\\/2023\\\/05\\\/employer-benefits.jpg\",\"contentUrl\":\"https:\\\/\\\/www.healthcues.com\\\/wp-content\\\/uploads\\\/2023\\\/05\\\/employer-benefits.jpg\",\"width\":1920,\"height\":734,\"caption\":\"employer benefits\"},{\"@type\":\"WebSite\",\"@id\":\"https:\\\/\\\/www.healthcues.com\\\/#website\",\"url\":\"https:\\\/\\\/www.healthcues.com\\\/\",\"name\":\"HealthCues\",\"description\":\"Workplace Health Solutions\",\"publisher\":{\"@id\":\"https:\\\/\\\/www.healthcues.com\\\/#organization\"},\"potentialAction\":[{\"@type\":\"SearchAction\",\"target\":{\"@type\":\"EntryPoint\",\"urlTemplate\":\"https:\\\/\\\/www.healthcues.com\\\/?s={search_term_string}\"},\"query-input\":{\"@type\":\"PropertyValueSpecification\",\"valueRequired\":true,\"valueName\":\"search_term_string\"}}],\"inLanguage\":\"es\"},{\"@type\":\"Organization\",\"@id\":\"https:\\\/\\\/www.healthcues.com\\\/#organization\",\"name\":\"HealthCues\",\"url\":\"https:\\\/\\\/www.healthcues.com\\\/\",\"logo\":{\"@type\":\"ImageObject\",\"inLanguage\":\"es\",\"@id\":\"https:\\\/\\\/www.healthcues.com\\\/#\\\/schema\\\/logo\\\/image\\\/\",\"url\":\"https:\\\/\\\/www.healthcues.com\\\/wp-content\\\/uploads\\\/2022\\\/03\\\/HealthCues_Workplace_Health_Solutions_Logo_simple.svg\",\"contentUrl\":\"https:\\\/\\\/www.healthcues.com\\\/wp-content\\\/uploads\\\/2022\\\/03\\\/HealthCues_Workplace_Health_Solutions_Logo_simple.svg\",\"width\":157,\"height\":42,\"caption\":\"HealthCues\"},\"image\":{\"@id\":\"https:\\\/\\\/www.healthcues.com\\\/#\\\/schema\\\/logo\\\/image\\\/\"}}]}<\/script>\n<!-- \/ Yoast SEO plugin. -->","yoast_head_json":{"title":"Beneficios del empleador - HealthCues","description":"HealthCues was designed with the intention of providing companies of all sizes with the best, most affordable workplace health services.","robots":{"index":"index","follow":"follow","max-snippet":"max-snippet:-1","max-image-preview":"max-image-preview:large","max-video-preview":"max-video-preview:-1"},"canonical":"https:\/\/www.healthcues.com\/es\/employer-benefits\/","og_locale":"es_ES","og_type":"article","og_title":"Employer Benefits - HealthCues","og_description":"HealthCues was designed with the intention of providing companies of all sizes with the best, most affordable workplace health services.","og_url":"https:\/\/www.healthcues.com\/es\/employer-benefits\/","og_site_name":"HealthCues","article_modified_time":"2026-02-01T01:36:56+00:00","og_image":[{"width":1920,"height":734,"url":"https:\/\/www.healthcues.com\/wp-content\/uploads\/2023\/05\/employer-benefits.jpg","type":"image\/jpeg"}],"twitter_card":"summary_large_image","twitter_misc":{"Tiempo de lectura":"2 minutos"},"schema":{"@context":"https:\/\/schema.org","@graph":[{"@type":"WebPage","@id":"https:\/\/www.healthcues.com\/employer-benefits\/","url":"https:\/\/www.healthcues.com\/employer-benefits\/","name":"Beneficios del empleador - HealthCues","isPartOf":{"@id":"https:\/\/www.healthcues.com\/#website"},"primaryImageOfPage":{"@id":"https:\/\/www.healthcues.com\/employer-benefits\/#primaryimage"},"image":{"@id":"https:\/\/www.healthcues.com\/employer-benefits\/#primaryimage"},"thumbnailUrl":"https:\/\/www.healthcues.com\/wp-content\/uploads\/2023\/05\/employer-benefits.jpg","datePublished":"2023-05-23T14:47:53+00:00","dateModified":"2026-02-01T01:36:56+00:00","description":"HealthCues was designed with the intention of providing companies of all sizes with the best, most affordable workplace health services.","inLanguage":"es","potentialAction":[{"@type":"ReadAction","target":["https:\/\/www.healthcues.com\/employer-benefits\/"]}]},{"@type":"ImageObject","inLanguage":"es","@id":"https:\/\/www.healthcues.com\/employer-benefits\/#primaryimage","url":"https:\/\/www.healthcues.com\/wp-content\/uploads\/2023\/05\/employer-benefits.jpg","contentUrl":"https:\/\/www.healthcues.com\/wp-content\/uploads\/2023\/05\/employer-benefits.jpg","width":1920,"height":734,"caption":"employer benefits"},{"@type":"WebSite","@id":"https:\/\/www.healthcues.com\/#website","url":"https:\/\/www.healthcues.com\/","name":"HealthCues","description":"Workplace Health Solutions","publisher":{"@id":"https:\/\/www.healthcues.com\/#organization"},"potentialAction":[{"@type":"SearchAction","target":{"@type":"EntryPoint","urlTemplate":"https:\/\/www.healthcues.com\/?s={search_term_string}"},"query-input":{"@type":"PropertyValueSpecification","valueRequired":true,"valueName":"search_term_string"}}],"inLanguage":"es"},{"@type":"Organization","@id":"https:\/\/www.healthcues.com\/#organization","name":"HealthCues","url":"https:\/\/www.healthcues.com\/","logo":{"@type":"ImageObject","inLanguage":"es","@id":"https:\/\/www.healthcues.com\/#\/schema\/logo\/image\/","url":"https:\/\/www.healthcues.com\/wp-content\/uploads\/2022\/03\/HealthCues_Workplace_Health_Solutions_Logo_simple.svg","contentUrl":"https:\/\/www.healthcues.com\/wp-content\/uploads\/2022\/03\/HealthCues_Workplace_Health_Solutions_Logo_simple.svg","width":157,"height":42,"caption":"HealthCues"},"image":{"@id":"https:\/\/www.healthcues.com\/#\/schema\/logo\/image\/"}}]}},"_links":{"self":[{"href":"https:\/\/www.healthcues.com\/es\/wp-json\/wp\/v2\/pages\/1253","targetHints":{"allow":["GET"]}}],"collection":[{"href":"https:\/\/www.healthcues.com\/es\/wp-json\/wp\/v2\/pages"}],"about":[{"href":"https:\/\/www.healthcues.com\/es\/wp-json\/wp\/v2\/types\/page"}],"author":[{"embeddable":true,"href":"https:\/\/www.healthcues.com\/es\/wp-json\/wp\/v2\/users\/5"}],"replies":[{"embeddable":true,"href":"https:\/\/www.healthcues.com\/es\/wp-json\/wp\/v2\/comments?post=1253"}],"version-history":[{"count":27,"href":"https:\/\/www.healthcues.com\/es\/wp-json\/wp\/v2\/pages\/1253\/revisions"}],"predecessor-version":[{"id":3209,"href":"https:\/\/www.healthcues.com\/es\/wp-json\/wp\/v2\/pages\/1253\/revisions\/3209"}],"wp:featuredmedia":[{"embeddable":true,"href":"https:\/\/www.healthcues.com\/es\/wp-json\/wp\/v2\/media\/1254"}],"wp:attachment":[{"href":"https:\/\/www.healthcues.com\/es\/wp-json\/wp\/v2\/media?parent=1253"}],"curies":[{"name":"wp","href":"https:\/\/api.w.org\/{rel}","templated":true}]}}